{"id":2,"date":"2023-05-29T21:36:51","date_gmt":"2023-05-29T21:36:51","guid":{"rendered":"https:\/\/alemur.me\/?page_id=2"},"modified":"2023-06-12T06:05:00","modified_gmt":"2023-06-12T06:05:00","slug":"alemur","status":"publish","type":"page","link":"https:\/\/alemur.me\/","title":{"rendered":"ALEMUR"},"content":{"rendered":"<div class=\"wp-block-image\">\n<figure class=\"alignleft size-full is-resized\"><img decoding=\"async\" src=\"https:\/\/alemur.me\/wp-content\/uploads\/2023\/06\/ALEMUR-300.png\" alt=\"ALEMUR Branding Agency\" class=\"wp-image-9\" width=\"200\" height=\"200\" srcset=\"https:\/\/alemur.me\/wp-content\/uploads\/2023\/06\/ALEMUR-300.png 300w, https:\/\/alemur.me\/wp-content\/uploads\/2023\/06\/ALEMUR-300-150x150.png 150w\" sizes=\"(max-width: 200px) 100vw, 200px\" \/><\/figure>\n<\/div>\n\n\n<p class=\"has-text-align-justify\">Agencija ALEMUR je kreator va\u0161eg brenda. Va\u0161 brend nije samo va\u0161a reputacija i imid\u017e, to je i va\u0161a budu\u0107nost. Da li \u0107e va\u0161e poslovanje biti uspje\u0161no sjutra, kada se na tr\u017ei\u0161tu pojave novi jaki igra\u010di? Da li \u0107ete zadr\u017eati svoje klijente u uslovima rastu\u0107e konkurencije? <\/p>\n\n\n\n<p class=\"has-text-align-justify\">Mi tvrdo odgovaramo \u201eDa, sve \u0107e biti u redu\u201c. Na kraju krajeva, sada imate nas &#8211; majstore brendiranja, koji uspje\u0161no vode projekte \u0161irom svijeta vi\u0161e od 10 godina, uklju\u010duju\u0107i i najte\u017ea, visokokonkurentna tr\u017ei\u0161ta zapadne Evrope i SAD.<\/p>\n\n\n\n<p class=\"has-text-align-justify\">Kreirali smo i uspe\u0161no brendirali programe, proizvode i timove za renomirane organizacije kao \u0161to su Ujedinjene nacije i IBM. Promijenili smo brendove i repozicionirali desetine startapova, koji su potom uspje\u0161no privukli investicije. Tako\u0111e smo pomagali na\u0161im klijentima u kriznim situacijama, bavili se upravljanjem reputacijom kompanija, \u0161titili brendove od informacionih napada medija i dru\u0161tvenih mre\u017ea.<\/p>\n\n\n\n<p class=\"has-text-align-justify\">Tako\u0111e znamo kako da kreiramo brend, ne samo za organizacije, ve\u0107 i za pojedince: politi\u010dare, biznismene, javne i vjerske li\u010dnosti. Kreirali smo i odr\u017eali li\u010dne brendove mnogih influensera, koji javno govore da su sve postigli sami. I, svako, imaju pravo &#8211; nikada ne kr\u0161imo povjerljivost u odnosima sa klijentima.<\/p>\n\n\n\n<p class=\"has-text-align-justify\">Mi nismo PR agencija. Mi smo agencija za brendiranje. PR je povr\u0161an, privremen. Brend je stabilan i dugoro\u010dan. Na\u0161 cilj nije samo informisanje, ve\u0107 i projektna podr\u0161ka na\u0161im klijentima. To zna\u010di da ne tra\u017eimo vijesti, ve\u0107 ih kreiramo zajedno sa na\u0161im klijentima. Aktivno u\u010destvujemo u oblikovanju identiteta organizacija, funkcionalnosti proizvoda i efektivnosti timova.<\/p>\n\n\n\n<p class=\"has-text-align-justify\">Jak brend je pouzdana za\u0161tita va\u0161eg poslovanja u novoj ekonomiji. Ovaj brend stvaramo zajedno sa vama. Na\u0161 tim ima bogato me\u0111unarodno iskustvo. Danas sa zadovoljstvom nudimo na\u0161e usluge u Crnoj Gori, koja se brzo razvija, gdje smo otvorili posebno predstavni\u0161tvo ALEMUR-a.<\/p>\n\n\n<div class=\"wp-block-jetpack-contact-form\"><a href=\"https:\/\/alemur.me\/\" target=\"_blank\" rel=\"noopener noreferrer\">Submit a form.<\/a><\/div>","protected":false},"excerpt":{"rendered":"<p>Agencija ALEMUR je kreator va\u0161eg brenda. Va\u0161 brend nije samo va\u0161a reputacija i imid\u017e, to je i va\u0161a budu\u0107nost. Da li \u0107e va\u0161e poslovanje biti uspje\u0161no sjutra, kada se na tr\u017ei\u0161tu pojave novi jaki igra\u010di? Da li \u0107ete zadr\u017eati svoje klijente u uslovima rastu\u0107e konkurencije? Mi tvrdo odgovaramo \u201eDa, sve \u0107e biti u redu\u201c. Na kraju krajeva, sada imate nas [&hellip;]<\/p>\n","protected":false},"author":1,"featured_media":0,"parent":0,"menu_order":0,"comment_status":"closed","ping_status":"closed","template":"","meta":{"footnotes":""},"class_list":["post-2","page","type-page","status-publish","hentry"],"yoast_head":"<!-- This site is optimized with the Yoast SEO plugin v25.3.1 - https:\/\/yoast.com\/wordpress\/plugins\/seo\/ -->\n<title>ALEMUR - ALEMUR<\/title>\n<meta name=\"description\" content=\"ALEMUR brending agencija, brend, kreiranje brendova, brendiranje, marketing crna gora, montenegro\" \/>\n<meta name=\"robots\" content=\"index, follow, max-snippet:-1, max-image-preview:large, max-video-preview:-1\" \/>\n<link rel=\"canonical\" href=\"https:\/\/alemur.me\/\" \/>\n<meta property=\"og:locale\" content=\"sr_RS\" \/>\n<meta property=\"og:type\" content=\"article\" \/>\n<meta property=\"og:title\" content=\"ALEMUR - ALEMUR\" \/>\n<meta property=\"og:description\" content=\"ALEMUR brending agencija, brend, kreiranje brendova, brendiranje, marketing crna gora, montenegro\" \/>\n<meta property=\"og:url\" content=\"https:\/\/alemur.me\/\" \/>\n<meta property=\"og:site_name\" content=\"ALEMUR\" \/>\n<meta property=\"article:modified_time\" content=\"2023-06-12T06:05:00+00:00\" \/>\n<meta property=\"og:image\" content=\"https:\/\/alemur.me\/wp-content\/uploads\/2023\/06\/ALEMUR-300.png\" \/>\n<meta name=\"twitter:card\" content=\"summary_large_image\" \/>\n<meta name=\"twitter:label1\" content=\"\u041f\u0440\u043e\u0446\u0435\u045a\u0435\u043d\u043e \u0432\u0440\u0435\u043c\u0435 \u0447\u0438\u0442\u0430\u045a\u0430\" \/>\n\t<meta name=\"twitter:data1\" content=\"2 \u043c\u0438\u043d\u0443\u0442\u0430\" \/>\n<script type=\"application\/ld+json\" class=\"yoast-schema-graph\">{\"@context\":\"https:\/\/schema.org\",\"@graph\":[{\"@type\":\"WebPage\",\"@id\":\"https:\/\/alemur.me\/\",\"url\":\"https:\/\/alemur.me\/\",\"name\":\"ALEMUR - ALEMUR\",\"isPartOf\":{\"@id\":\"https:\/\/alemur.me\/#website\"},\"primaryImageOfPage\":{\"@id\":\"https:\/\/alemur.me\/#primaryimage\"},\"image\":{\"@id\":\"https:\/\/alemur.me\/#primaryimage\"},\"thumbnailUrl\":\"https:\/\/alemur.me\/wp-content\/uploads\/2023\/06\/ALEMUR-300.png\",\"datePublished\":\"2023-05-29T21:36:51+00:00\",\"dateModified\":\"2023-06-12T06:05:00+00:00\",\"description\":\"ALEMUR brending agencija, brend, kreiranje brendova, brendiranje, marketing crna gora, montenegro\",\"breadcrumb\":{\"@id\":\"https:\/\/alemur.me\/#breadcrumb\"},\"inLanguage\":\"sr-RS\",\"potentialAction\":[{\"@type\":\"ReadAction\",\"target\":[\"https:\/\/alemur.me\/\"]}]},{\"@type\":\"ImageObject\",\"inLanguage\":\"sr-RS\",\"@id\":\"https:\/\/alemur.me\/#primaryimage\",\"url\":\"https:\/\/alemur.me\/wp-content\/uploads\/2023\/06\/ALEMUR-300.png\",\"contentUrl\":\"https:\/\/alemur.me\/wp-content\/uploads\/2023\/06\/ALEMUR-300.png\",\"width\":300,\"height\":300,\"caption\":\"ALEMUR Branding Agency\"},{\"@type\":\"BreadcrumbList\",\"@id\":\"https:\/\/alemur.me\/#breadcrumb\",\"itemListElement\":[{\"@type\":\"ListItem\",\"position\":1,\"name\":\"\u041f\u043e\u0447\u0435\u0442\u043d\u0430\",\"item\":\"https:\/\/alemur.me\/\"},{\"@type\":\"ListItem\",\"position\":2,\"name\":\"ALEMUR\"}]},{\"@type\":\"WebSite\",\"@id\":\"https:\/\/alemur.me\/#website\",\"url\":\"https:\/\/alemur.me\/\",\"name\":\"ALEMUR\",\"description\":\"BRANDING + MARKETING + IT\",\"potentialAction\":[{\"@type\":\"SearchAction\",\"target\":{\"@type\":\"EntryPoint\",\"urlTemplate\":\"https:\/\/alemur.me\/?s={search_term_string}\"},\"query-input\":{\"@type\":\"PropertyValueSpecification\",\"valueRequired\":true,\"valueName\":\"search_term_string\"}}],\"inLanguage\":\"sr-RS\"}]}<\/script>\n<!-- \/ Yoast SEO plugin. -->","yoast_head_json":{"title":"ALEMUR - ALEMUR","description":"ALEMUR brending agencija, brend, kreiranje brendova, brendiranje, marketing crna gora, montenegro","robots":{"index":"index","follow":"follow","max-snippet":"max-snippet:-1","max-image-preview":"max-image-preview:large","max-video-preview":"max-video-preview:-1"},"canonical":"https:\/\/alemur.me\/","og_locale":"sr_RS","og_type":"article","og_title":"ALEMUR - ALEMUR","og_description":"ALEMUR brending agencija, brend, kreiranje brendova, brendiranje, marketing crna gora, montenegro","og_url":"https:\/\/alemur.me\/","og_site_name":"ALEMUR","article_modified_time":"2023-06-12T06:05:00+00:00","og_image":[{"url":"https:\/\/alemur.me\/wp-content\/uploads\/2023\/06\/ALEMUR-300.png","type":"","width":"","height":""}],"twitter_card":"summary_large_image","twitter_misc":{"\u041f\u0440\u043e\u0446\u0435\u045a\u0435\u043d\u043e \u0432\u0440\u0435\u043c\u0435 \u0447\u0438\u0442\u0430\u045a\u0430":"2 \u043c\u0438\u043d\u0443\u0442\u0430"},"schema":{"@context":"https:\/\/schema.org","@graph":[{"@type":"WebPage","@id":"https:\/\/alemur.me\/","url":"https:\/\/alemur.me\/","name":"ALEMUR - ALEMUR","isPartOf":{"@id":"https:\/\/alemur.me\/#website"},"primaryImageOfPage":{"@id":"https:\/\/alemur.me\/#primaryimage"},"image":{"@id":"https:\/\/alemur.me\/#primaryimage"},"thumbnailUrl":"https:\/\/alemur.me\/wp-content\/uploads\/2023\/06\/ALEMUR-300.png","datePublished":"2023-05-29T21:36:51+00:00","dateModified":"2023-06-12T06:05:00+00:00","description":"ALEMUR brending agencija, brend, kreiranje brendova, brendiranje, marketing crna gora, montenegro","breadcrumb":{"@id":"https:\/\/alemur.me\/#breadcrumb"},"inLanguage":"sr-RS","potentialAction":[{"@type":"ReadAction","target":["https:\/\/alemur.me\/"]}]},{"@type":"ImageObject","inLanguage":"sr-RS","@id":"https:\/\/alemur.me\/#primaryimage","url":"https:\/\/alemur.me\/wp-content\/uploads\/2023\/06\/ALEMUR-300.png","contentUrl":"https:\/\/alemur.me\/wp-content\/uploads\/2023\/06\/ALEMUR-300.png","width":300,"height":300,"caption":"ALEMUR Branding Agency"},{"@type":"BreadcrumbList","@id":"https:\/\/alemur.me\/#breadcrumb","itemListElement":[{"@type":"ListItem","position":1,"name":"\u041f\u043e\u0447\u0435\u0442\u043d\u0430","item":"https:\/\/alemur.me\/"},{"@type":"ListItem","position":2,"name":"ALEMUR"}]},{"@type":"WebSite","@id":"https:\/\/alemur.me\/#website","url":"https:\/\/alemur.me\/","name":"ALEMUR","description":"BRANDING + MARKETING + IT","potentialAction":[{"@type":"SearchAction","target":{"@type":"EntryPoint","urlTemplate":"https:\/\/alemur.me\/?s={search_term_string}"},"query-input":{"@type":"PropertyValueSpecification","valueRequired":true,"valueName":"search_term_string"}}],"inLanguage":"sr-RS"}]}},"jetpack_sharing_enabled":true,"_links":{"self":[{"href":"https:\/\/alemur.me\/index.php?rest_route=\/wp\/v2\/pages\/2","targetHints":{"allow":["GET"]}}],"collection":[{"href":"https:\/\/alemur.me\/index.php?rest_route=\/wp\/v2\/pages"}],"about":[{"href":"https:\/\/alemur.me\/index.php?rest_route=\/wp\/v2\/types\/page"}],"author":[{"embeddable":true,"href":"https:\/\/alemur.me\/index.php?rest_route=\/wp\/v2\/users\/1"}],"replies":[{"embeddable":true,"href":"https:\/\/alemur.me\/index.php?rest_route=%2Fwp%2Fv2%2Fcomments&post=2"}],"version-history":[{"count":10,"href":"https:\/\/alemur.me\/index.php?rest_route=\/wp\/v2\/pages\/2\/revisions"}],"predecessor-version":[{"id":87,"href":"https:\/\/alemur.me\/index.php?rest_route=\/wp\/v2\/pages\/2\/revisions\/87"}],"wp:attachment":[{"href":"https:\/\/alemur.me\/index.php?rest_route=%2Fwp%2Fv2%2Fmedia&parent=2"}],"curies":[{"name":"wp","href":"https:\/\/api.w.org\/{rel}","templated":true}]}}